{"id":25954,"date":"2016-10-06T09:53:42","date_gmt":"2016-10-06T09:53:42","guid":{"rendered":"https:\/\/szrnk.ch\/?page_id=25954"},"modified":"2024-01-29T14:52:08","modified_gmt":"2024-01-29T14:52:08","slug":"terminology","status":"publish","type":"page","link":"https:\/\/szrnk.ch\/en\/terminology","title":{"rendered":"Terminology (Rescue-, Emergency- and Disaster Medicine, Switzerland)"},"content":{"rendered":"<p>[et_pb_section fb_built=&#8221;1&#8243; custom_padding_last_edited=&#8221;on|desktop&#8221; _builder_version=&#8221;4.16&#8243; custom_padding=&#8221;54px|0px|23px|0px|false|false&#8221; custom_padding_tablet=&#8221;50px|0|50px|0&#8243; custom_padding_phone=&#8221;&#8221; custom_css_main_element=&#8221;padding-bottom: 0;&#8221; da_disable_devices=&#8221;off|off|off&#8221; transparent_background=&#8221;off&#8221; global_colors_info=&#8221;{}&#8221; da_is_popup=&#8221;off&#8221; da_exit_intent=&#8221;off&#8221; da_has_close=&#8221;on&#8221; da_alt_close=&#8221;off&#8221; da_dark_close=&#8221;off&#8221; da_not_modal=&#8221;on&#8221; da_is_singular=&#8221;off&#8221; da_with_loader=&#8221;off&#8221; da_has_shadow=&#8221;on&#8221;][et_pb_row padding_mobile=&#8221;off&#8221; column_padding_mobile=&#8221;on&#8221; disabled_on=&#8221;off|off|off&#8221; admin_label=&#8221;row mit Logo-Icon&#8221; _builder_version=&#8221;4.16&#8243; background_size=&#8221;initial&#8221; background_position=&#8221;top_left&#8221; background_repeat=&#8221;repeat&#8221; global_colors_info=&#8221;{}&#8221;][et_pb_column type=&#8221;4_4&#8243; _builder_version=&#8221;4.16&#8243; custom_padding=&#8221;|||&#8221; global_colors_info=&#8221;{}&#8221; custom_padding__hover=&#8221;|||&#8221;][et_pb_text _builder_version=&#8221;4.16&#8243; background_size=&#8221;initial&#8221; background_position=&#8221;top_left&#8221; background_repeat=&#8221;repeat&#8221; use_border_color=&#8221;off&#8221; global_colors_info=&#8221;{}&#8221;]<\/p>\n<p><span style=\"font-weight: 400;\"><img decoding=\"async\" class=\"wp-image-25173 size-full aligncenter\" src=\"https:\/\/szrnk.ch\/wp-content\/uploads\/2016\/10\/SZRNK-Terminologie.png\" alt=\"Terminologie Rettungs-, Notfall- und Katastrophenmedizin\" width=\"120\" height=\"\" \/><\/span><\/p>\n<h1>Terminology (Rescue, Emergency and Disaster Medicine, Switzerland)<\/h1>\n<p>A goal of the Swiss Society for Emergency Medicine (SGNOR) is to create a publicly accessible database of terminology in four languages for emergency and rescue services in Switzerland. The Swiss Center for Rescue-, Emergency- and Disaster Medicine (SCRED) has been commissioned to realize this project.<\/p>\n<p>[\/et_pb_text][\/et_pb_column][\/et_pb_row][\/et_pb_section][et_pb_section fb_built=&#8221;1&#8243; _builder_version=&#8221;4.16&#8243; custom_padding=&#8221;0|0px|1px|0px|false|false&#8221; da_disable_devices=&#8221;off|off|off&#8221; global_colors_info=&#8221;{}&#8221; da_is_popup=&#8221;off&#8221; da_exit_intent=&#8221;off&#8221; da_has_close=&#8221;on&#8221; da_alt_close=&#8221;off&#8221; da_dark_close=&#8221;off&#8221; da_not_modal=&#8221;on&#8221; da_is_singular=&#8221;off&#8221; da_with_loader=&#8221;off&#8221; da_has_shadow=&#8221;on&#8221;][et_pb_row _builder_version=&#8221;4.16&#8243; background_size=&#8221;initial&#8221; background_position=&#8221;top_left&#8221; background_repeat=&#8221;repeat&#8221; custom_padding=&#8221;0|0px|27px|0px|false|false&#8221; global_colors_info=&#8221;{}&#8221;][et_pb_column type=&#8221;4_4&#8243; _builder_version=&#8221;4.16&#8243; custom_padding=&#8221;|||&#8221; global_colors_info=&#8221;{}&#8221; custom_padding__hover=&#8221;|||&#8221;][et_pb_text _builder_version=&#8221;4.16&#8243; global_colors_info=&#8221;{}&#8221;]<\/p>\n<p>\nThe terminology tool contains translations of official terms from the entire field of emergency medicine, which have been validated by native-speaking experts of the German, French and Italian language regions of Switzerland. In addition to these three languages, analogous English-language terms are offered as well. Each term is accompanied by a short description or definition as well as a corresponding abbreviation, if available.<\/p>\n<p>[\/et_pb_text][\/et_pb_column][\/et_pb_row][\/et_pb_section][et_pb_section fb_built=&#8221;1&#8243; inner_shadow=&#8221;on&#8221; fullwidth=&#8221;on&#8221; custom_padding_last_edited=&#8221;on|desktop&#8221; admin_label=&#8221;section&#8221; _builder_version=&#8221;4.16&#8243; background_color=&#8221;#f7f7f7&#8243; custom_padding_tablet=&#8221;50px|0|50px|0&#8243; custom_padding_phone=&#8221;&#8221; da_disable_devices=&#8221;off|off|off&#8221; transparent_background=&#8221;off&#8221; padding_mobile=&#8221;off&#8221; global_colors_info=&#8221;{}&#8221; da_is_popup=&#8221;off&#8221; da_exit_intent=&#8221;off&#8221; da_has_close=&#8221;on&#8221; da_alt_close=&#8221;off&#8221; da_dark_close=&#8221;off&#8221; da_not_modal=&#8221;on&#8221; da_is_singular=&#8221;off&#8221; da_with_loader=&#8221;off&#8221; da_has_shadow=&#8221;on&#8221;][et_pb_fullwidth_header logo_alt_text=&#8221;Terminologie Rettungs-, Notfall- und Katastrophenmedizin Schweiz&#8221; admin_label=&#8221;Fullwidth mit iFrame&#8221; _builder_version=&#8221;4.16&#8243; background_color=&#8221;rgba(255, 255, 255, 0)&#8221; background_layout=&#8221;light&#8221; custom_css_header_container=&#8221;font-size: 105%;&#8221; global_colors_info=&#8221;{}&#8221; button_one_text_size__hover_enabled=&#8221;off&#8221; button_one_text_size__hover=&#8221;null&#8221; button_two_text_size__hover_enabled=&#8221;off&#8221; button_two_text_size__hover=&#8221;null&#8221; button_one_text_color__hover_enabled=&#8221;off&#8221; button_one_text_color__hover=&#8221;null&#8221; button_two_text_color__hover_enabled=&#8221;off&#8221; button_two_text_color__hover=&#8221;null&#8221; button_one_border_width__hover_enabled=&#8221;off&#8221; button_one_border_width__hover=&#8221;null&#8221; button_two_border_width__hover_enabled=&#8221;off&#8221; button_two_border_width__hover=&#8221;null&#8221; button_one_border_color__hover_enabled=&#8221;off&#8221; button_one_border_color__hover=&#8221;null&#8221; button_two_border_color__hover_enabled=&#8221;off&#8221; button_two_border_color__hover=&#8221;null&#8221; button_one_border_radius__hover_enabled=&#8221;off&#8221; button_one_border_radius__hover=&#8221;null&#8221; button_two_border_radius__hover_enabled=&#8221;off&#8221; button_two_border_radius__hover=&#8221;null&#8221; button_one_letter_spacing__hover_enabled=&#8221;off&#8221; button_one_letter_spacing__hover=&#8221;null&#8221; button_two_letter_spacing__hover_enabled=&#8221;off&#8221; button_two_letter_spacing__hover=&#8221;null&#8221; button_one_bg_color__hover_enabled=&#8221;off&#8221; button_one_bg_color__hover=&#8221;null&#8221; button_two_bg_color__hover_enabled=&#8221;off&#8221; button_two_bg_color__hover=&#8221;null&#8221;]<\/p>\n<p>\n<iframe loading=\"lazy\" src=\"https:\/\/glossar-szrnk.primeteach.ch\" name=\"terminologie-suchfeld\" width=\"100%\" height=\"300\" frameborder=\"1\"> &amp;amp;amp;amp;amp;amp;amp;amp;amp;lt;p&amp;amp;amp;amp;amp;amp;amp;amp;amp;gt;Ihr Browser kann leider keine eingebetteten Frames anzeigen: Sie k\u00f6nnen die eingebettete Seite \u00fcber den folgenden Verweis aufrufen: https:\/\/glossar2.primeteach.ch &amp;amp;amp;amp;amp;amp;amp;amp;amp;lt;\/p&amp;amp;amp;amp;amp;amp;amp;amp;amp;gt; <\/iframe><\/p>\n<p>[\/et_pb_fullwidth_header][\/et_pb_section][et_pb_section fb_built=&#8221;1&#8243; inner_shadow=&#8221;on&#8221; fullwidth=&#8221;on&#8221; custom_padding_last_edited=&#8221;on|desktop&#8221; disabled_on=&#8221;on|on|on&#8221; admin_label=&#8221;section&#8221; _builder_version=&#8221;4.16&#8243; background_color=&#8221;#f7f7f7&#8243; custom_padding_tablet=&#8221;50px|0|50px|0&#8243; custom_padding_phone=&#8221;&#8221; da_disable_devices=&#8221;off|off|off&#8221; transparent_background=&#8221;off&#8221; padding_mobile=&#8221;off&#8221; disabled=&#8221;on&#8221; global_colors_info=&#8221;{}&#8221; da_is_popup=&#8221;off&#8221; da_exit_intent=&#8221;off&#8221; da_has_close=&#8221;on&#8221; da_alt_close=&#8221;off&#8221; da_dark_close=&#8221;off&#8221; da_not_modal=&#8221;on&#8221; da_is_singular=&#8221;off&#8221; da_with_loader=&#8221;off&#8221; da_has_shadow=&#8221;on&#8221;][et_pb_fullwidth_header title=&#8221;Terminologie Rettungs-, Notfall- und Katastrophenmedizin Schweiz&#8221; logo_image_url=&#8221;https:\/\/szrnk.ch\/wp-content\/uploads\/2016\/10\/SZRNK-Terminologie.png&#8221; logo_alt_text=&#8221;Terminologie Rettungs-, Notfall- und Katastrophenmedizin Schweiz&#8221; admin_label=&#8221;Fullwidth Lead Text&#8221; _builder_version=&#8221;4.16&#8243; background_color=&#8221;rgba(255, 255, 255, 0)&#8221; background_layout=&#8221;light&#8221; custom_css_header_container=&#8221;font-size: 105%;&#8221; global_colors_info=&#8221;{}&#8221; button_one_text_size__hover_enabled=&#8221;off&#8221; button_two_text_size__hover_enabled=&#8221;off&#8221; button_one_text_color__hover_enabled=&#8221;off&#8221; button_two_text_color__hover_enabled=&#8221;off&#8221; button_one_border_width__hover_enabled=&#8221;off&#8221; button_two_border_width__hover_enabled=&#8221;off&#8221; button_one_border_color__hover_enabled=&#8221;off&#8221; button_two_border_color__hover_enabled=&#8221;off&#8221; button_one_border_radius__hover_enabled=&#8221;off&#8221; button_two_border_radius__hover_enabled=&#8221;off&#8221; button_one_letter_spacing__hover_enabled=&#8221;off&#8221; button_two_letter_spacing__hover_enabled=&#8221;off&#8221; button_one_bg_color__hover_enabled=&#8221;off&#8221; button_two_bg_color__hover_enabled=&#8221;off&#8221;]<\/p>\n<p>\nDas Terminologie Tool enth\u00e4lt von Experten der Sprachregionen der Schweiz validierte \u00dcbersetzungen offizieller Begriffe aus dem gesamten Bereich der Notfallmedizin. Zus\u00e4tzlich zu den Landessprachen Deutsch, Franz\u00f6sisch, Italienisch werden bestm\u00f6glich analoge englischsprachige Begriffe angeboten. Diesen ist jeweils eine inhaltlichen Kurzbeschreibung assoziiert und, wenn vorhanden, die zugeh\u00f6rige Abk\u00fcrzung.<\/p>\n<p>&nbsp;<\/p>\n<p><iframe loading=\"lazy\" src=\"https:\/\/glossar2.primeteach.ch\" name=\"terminologie-suchfeld\" width=\"100%\" height=\"300\" frameborder=\"1\"> &amp;amp;amp;amp;amp;amp;lt;p&amp;amp;amp;amp;amp;amp;gt;Ihr Browser kann leider keine eingebetteten Frames anzeigen: Sie k\u00f6nnen die eingebettete Seite \u00fcber den folgenden Verweis aufrufen: https:\/\/glossar2.primeteach.ch &amp;amp;amp;amp;amp;amp;lt;\/p&amp;amp;amp;amp;amp;amp;gt; <\/iframe><\/p>\n<p>[\/et_pb_fullwidth_header][\/et_pb_section][et_pb_section fb_built=&#8221;1&#8243; custom_padding_last_edited=&#8221;on|desktop&#8221; admin_label=&#8221;section&#8221; _builder_version=&#8221;4.16&#8243; custom_padding_tablet=&#8221;50px|0|50px|0&#8243; custom_padding_phone=&#8221;&#8221; custom_css_main_element=&#8221;padding-top:20px&#8221; da_disable_devices=&#8221;off|off|off&#8221; transparent_background=&#8221;off&#8221; padding_mobile=&#8221;off&#8221; global_colors_info=&#8221;{}&#8221; da_is_popup=&#8221;off&#8221; da_exit_intent=&#8221;off&#8221; da_has_close=&#8221;on&#8221; da_alt_close=&#8221;off&#8221; da_dark_close=&#8221;off&#8221; da_not_modal=&#8221;on&#8221; da_is_singular=&#8221;off&#8221; da_with_loader=&#8221;off&#8221; da_has_shadow=&#8221;on&#8221;][et_pb_row column_structure=&#8221;1_4,3_4&#8243; padding_mobile=&#8221;off&#8221; column_padding_mobile=&#8221;on&#8221; _builder_version=&#8221;4.16&#8243; background_size=&#8221;initial&#8221; background_position=&#8221;top_left&#8221; background_repeat=&#8221;repeat&#8221; global_colors_info=&#8221;{}&#8221;][et_pb_column type=&#8221;1_4&#8243; _builder_version=&#8221;4.16&#8243; custom_padding=&#8221;|||&#8221; global_colors_info=&#8221;{}&#8221; custom_padding__hover=&#8221;|||&#8221;][et_pb_image src=&#8221;https:\/\/szrnk.ch\/wp-content\/uploads\/2016\/10\/Terminologie-01.jpg&#8221; align_tablet=&#8221;center&#8221; align_phone=&#8221;&#8221; align_last_edited=&#8221;on|desktop&#8221; _builder_version=&#8221;4.16&#8243; animation_style=&#8221;slide&#8221; animation_direction=&#8221;left&#8221; animation_duration=&#8221;500ms&#8221; animation_intensity_slide=&#8221;10%&#8221; use_border_color=&#8221;off&#8221; border_color=&#8221;#ffffff&#8221; border_style=&#8221;solid&#8221; animation=&#8221;left&#8221; sticky=&#8221;off&#8221; global_colors_info=&#8221;{}&#8221;]<\/p>\n<p>\n&nbsp;<\/p>\n<p>[\/et_pb_image][\/et_pb_column][et_pb_column type=&#8221;3_4&#8243; _builder_version=&#8221;4.16&#8243; custom_padding=&#8221;|||&#8221; global_colors_info=&#8221;{}&#8221; custom_padding__hover=&#8221;|||&#8221;][et_pb_text admin_label=&#8221;Text: Wissenswertes \u00fcber das Projekt&#8221; _builder_version=&#8221;4.16&#8243; background_size=&#8221;initial&#8221; background_position=&#8221;top_left&#8221; background_repeat=&#8221;repeat&#8221; use_border_color=&#8221;off&#8221; global_colors_info=&#8221;{}&#8221;]<\/p>\n<h1>Information about the project<\/h1>\n<p>[\/et_pb_text][et_pb_accordion admin_label=&#8221;Akkordeon FAQ&#8221; _builder_version=&#8221;4.24.0&#8243; background_color=&#8221;RGBA(255,255,255,0)&#8221; custom_padding=&#8221;16px||||false|false&#8221; hover_enabled=&#8221;0&#8243; custom_css_toggle=&#8221;margin-top: 0;||margin-bottom: 0;&#8221; custom_css_open_toggle=&#8221;margin-top: 0;||margin-bottom: 0;&#8221; use_border_color=&#8221;off&#8221; global_colors_info=&#8221;{}&#8221; sticky_enabled=&#8221;0&#8243;][et_pb_accordion_item title=&#8221;How are terms\/concepts chosen? How are terms\/concepts that exist in previously established databases\/glossaries handled?&#8221; open=&#8221;on&#8221; closed_toggle_background_color=&#8221;#c6dd8c&#8221; _builder_version=&#8221;4.19.0&#8243; use_border_color=&#8221;off&#8221; border_color=&#8221;#ffffff&#8221; border_width=&#8221;1px&#8221; border_style=&#8221;solid&#8221; global_colors_info=&#8221;{}&#8221; toggle_text_color=&#8221;#000000&#8243;]<\/p>\n<p><span style=\"font-weight: 400;\">The start-up phase has already included the official technical terms and existing definitions from relevant published collections created by different Swiss rescue organizations. Terms that have been integrated into &#8220;Terminology (Rescue-, Emergency- and Disaster Medicine, Switzerland)&#8221; remain the property of the respective organization. The so-called &#8220;owners&#8221; of the terms are informed about the inclusion in the collection. Suggestions for changes and proposals for new terms are always welcome. After validation, new entries are included in the next update.<\/span><\/p>\n<p>[\/et_pb_accordion_item][et_pb_accordion_item title=&#8221;How are the translations validated?&#8221; closed_toggle_background_color=&#8221;#c6dd8c&#8221; _builder_version=&#8221;4.19.0&#8243; use_border_color=&#8221;off&#8221; border_color=&#8221;#ffffff&#8221; border_width=&#8221;1px&#8221; border_style=&#8221;solid&#8221; global_colors_info=&#8221;{}&#8221; toggle_text_color=&#8221;#000000&#8243; open=&#8221;off&#8221;]<\/p>\n<p>Board members of the SGNOR have established a language validation committee in both the Italian and French speaking parts of Switzerland. Under the management of a regional coordinator, these expert groups examine and supplement the proposed terms and their correct translation according to professional usage in the target language. The collected feedback can be understood as a &#8220;consensus&#8221; of the respective language region. Members of the individual expert groups can be reviewed under about terminology.<\/p>\n<p>[\/et_pb_accordion_item][et_pb_accordion_item title=&#8221;Can other organizations participate?&#8221; closed_toggle_background_color=&#8221;#c6dd8c&#8221; _builder_version=&#8221;4.19.0&#8243; use_border_color=&#8221;off&#8221; border_color=&#8221;#ffffff&#8221; border_width=&#8221;1px&#8221; border_style=&#8221;solid&#8221; global_colors_info=&#8221;{}&#8221; toggle_text_color=&#8221;#000000&#8243; open=&#8221;off&#8221;]<\/p>\n<p><span style=\"font-weight: 400;\">Together with the National Center for Disaster Medicine (SFG), SGNOR has the goal of creating a publicly accessible web-based conceptual dictionary in four languages (German, French, Italian, and English). The establishment and consistent use of agreed-on technical terms should make a significant contribution to the federal health and rescue sector. The SGNOR is open to the participation of all organizations and institutions wanting to contribute to this project. Interested parties are requested to contact the SCRED representative of SGNOR.<\/span><\/p>\n<p>[\/et_pb_accordion_item][et_pb_accordion_item title=&#8221;How is the management of Terminology (Rescue, Emergency and Disaster Medicine, Switzerland) regulated?&#8221; closed_toggle_text_color=&#8221;#000000&#8243; closed_toggle_background_color=&#8221;#c6dd8c&#8221; _builder_version=&#8221;4.24.0&#8243; hover_enabled=&#8221;0&#8243; use_border_color=&#8221;off&#8221; border_color=&#8221;#ffffff&#8221; border_width=&#8221;1px&#8221; border_style=&#8221;solid&#8221; global_colors_info=&#8221;{}&#8221; open=&#8221;off&#8221; sticky_enabled=&#8221;0&#8243;]<\/p>\n<p>Sponsor: SGNOR<\/p>\n<p>Implementation and project management: SCRED Database management and IT-support: PrimeTeach\u00ae, auf RescuePoint\u00ae Main sponsor responsible for initialization: AXA Schweiz, Stiftung Pr\u00e4vention Sponsors responsible for management and further development: SGNOR, RescuePoint<span style=\"vertical-align: +4px; font-size: 60%;\">\u00ae<\/span>, SAMK.<\/p>\n<p>[\/et_pb_accordion_item][\/et_pb_accordion][\/et_pb_column][\/et_pb_row][et_pb_row padding_mobile=&#8221;off&#8221; column_padding_mobile=&#8221;on&#8221; admin_label=&#8221;row&#8221; _builder_version=&#8221;4.16&#8243; background_size=&#8221;initial&#8221; background_position=&#8221;top_left&#8221; background_repeat=&#8221;repeat&#8221; global_colors_info=&#8221;{}&#8221;][et_pb_column type=&#8221;4_4&#8243; _builder_version=&#8221;4.16&#8243; custom_padding=&#8221;|||&#8221; global_colors_info=&#8221;{}&#8221; custom_padding__hover=&#8221;|||&#8221;][et_pb_text admin_label=&#8221;Text: Allgemeines&#8221; _builder_version=&#8221;4.16&#8243; background_size=&#8221;initial&#8221; background_position=&#8221;top_left&#8221; background_repeat=&#8221;repeat&#8221; use_border_color=&#8221;off&#8221; global_colors_info=&#8221;{}&#8221;]<\/p>\n<p>\nTerminology (Rescue-, Emergency- and Disaster Medicine, Switzerland) is a &#8220;learning tool&#8221;. Users are invited to report any missing terms and\/or provide feedback on existing terms, their description, and translation. SGNOR has decided to make this offer available to all interested parties free of charge.<br \/>\n<a href=\"https:\/\/szrnk.ch\/en\/terminology-impressum\/\">About terminology &gt;\u00a0<\/a><\/p>\n<p>[\/et_pb_text][\/et_pb_column][\/et_pb_row][\/et_pb_section][et_pb_section fb_built=&#8221;1&#8243; admin_label=&#8221;Section&#8221; module_id=&#8221;footer-section&#8221; _builder_version=&#8221;4.24.0&#8243; da_popup_slug=&#8221;footer-section&#8221; da_disable_devices=&#8221;off|off|off&#8221; global_colors_info=&#8221;{}&#8221; global_module=&#8221;27217&#8243; theme_builder_area=&#8221;post_content&#8221; da_is_popup=&#8221;off&#8221; da_exit_intent=&#8221;off&#8221; da_has_close=&#8221;on&#8221; da_alt_close=&#8221;off&#8221; da_dark_close=&#8221;off&#8221; da_not_modal=&#8221;on&#8221; da_is_singular=&#8221;off&#8221; da_with_loader=&#8221;off&#8221; da_has_shadow=&#8221;on&#8221;][et_pb_row column_structure=&#8221;3_4,1_4&#8243; _builder_version=&#8221;4.16&#8243; background_size=&#8221;initial&#8221; background_position=&#8221;top_left&#8221; background_repeat=&#8221;repeat&#8221; global_colors_info=&#8221;{}&#8221; theme_builder_area=&#8221;post_content&#8221;][et_pb_column type=&#8221;3_4&#8243; _builder_version=&#8221;4.16&#8243; custom_padding=&#8221;|||&#8221; global_colors_info=&#8221;{}&#8221; custom_padding__hover=&#8221;|||&#8221; theme_builder_area=&#8221;post_content&#8221;][et_pb_text admin_label=&#8221;Footer-section EN&#8221; _builder_version=&#8221;4.24.0&#8243; custom_padding=&#8221;2em|||&#8221; global_colors_info=&#8221;{}&#8221; theme_builder_area=&#8221;post_content&#8221;]<\/p>\n<p>Swiss Center for Rescue, Emergency and Disaster Medicine (SCRED) <br \/>T +41 (0)61 265 89 11<\/p>\n<p>[\/et_pb_text][et_pb_text _builder_version=&#8221;4.24.0&#8243; _dynamic_attributes=&#8221;content&#8221; _module_preset=&#8221;default&#8221; global_colors_info=&#8221;{}&#8221; theme_builder_area=&#8221;post_content&#8221;]@ET-DC@eyJkeW5hbWljIjp0cnVlLCJjb250ZW50IjoiY3VycmVudF9kYXRlIiwic2V0dGluZ3MiOnsiYmVmb3JlIjoiPGEgaHJlZj1cImh0dHBzOi8vc3pybmsuY2gva29udGFrdC9cIj5Db250YWN0IDwvYT4gfCA8YSBocmVmPVwiaHR0cHM6Ly9zenJuay5jaC9pbXByZXNzdW0vXCI+SW1wcmVzc3VtPC9hPiB8IFx1MDBhOSAyMDE2LSIsImFmdGVyIjoiIFNDUkVEIiwiZGF0ZV9mb3JtYXQiOiJjdXN0b20iLCJjdXN0b21fZGF0ZV9mb3JtYXQiOiJ5In19@[\/et_pb_text][\/et_pb_column][et_pb_column type=&#8221;1_4&#8243; _builder_version=&#8221;4.16&#8243; custom_padding=&#8221;|||&#8221; global_colors_info=&#8221;{}&#8221; custom_padding__hover=&#8221;|||&#8221; theme_builder_area=&#8221;post_content&#8221;][et_pb_text admin_label=&#8221;Text association UNIBAS&#8221; _builder_version=&#8221;4.16&#8243; global_colors_info=&#8221;{}&#8221; theme_builder_area=&#8221;post_content&#8221;]<\/p>\n<p><a href=\"https:\/\/www.unibas.ch\/de\/Universitaet\/Netzwerke-Partnerschaften\/Assoziierte-Institute.html\" target=\"_blank\" rel=\"noopener\"><img loading=\"lazy\" decoding=\"async\" class=\"size-medium wp-image-25406 alignnone\" src=\"https:\/\/szrnk.ch\/wp-content\/uploads\/2016\/10\/UniBas_Logo_DE_Weiss_RGB_65-300x96.gif\" alt=\"University of Basel association\" width=\"300\" height=\"96\"><\/a><\/p>\n<p>SCRED association at University of Basel<\/p>\n<p>[\/et_pb_text][\/et_pb_column][\/et_pb_row][\/et_pb_section]<\/p>\n","protected":false},"excerpt":{"rendered":"<p>Terminology (Rescue, Emergency and Disaster Medicine, Switzerland) A goal of the Swiss Society for Emergency Medicine (SGNOR) is to create a publicly accessible database of terminology in four languages for emergency and rescue services in Switzerland. The Swiss Center for Rescue-, Emergency- and Disaster Medicine (SCRED) has been commissioned to realize this project. The terminology [&hellip;]<\/p>\n","protected":false},"author":1,"featured_media":0,"parent":0,"menu_order":0,"comment_status":"closed","ping_status":"closed","template":"","meta":{"_et_pb_use_builder":"on","_et_pb_old_content":"","_et_gb_content_width":"","footnotes":""},"class_list":["post-25954","page","type-page","status-publish","hentry"],"_links":{"self":[{"href":"https:\/\/szrnk.ch\/en\/wp-json\/wp\/v2\/pages\/25954","targetHints":{"allow":["GET"]}}],"collection":[{"href":"https:\/\/szrnk.ch\/en\/wp-json\/wp\/v2\/pages"}],"about":[{"href":"https:\/\/szrnk.ch\/en\/wp-json\/wp\/v2\/types\/page"}],"author":[{"embeddable":true,"href":"https:\/\/szrnk.ch\/en\/wp-json\/wp\/v2\/users\/1"}],"replies":[{"embeddable":true,"href":"https:\/\/szrnk.ch\/en\/wp-json\/wp\/v2\/comments?post=25954"}],"version-history":[{"count":13,"href":"https:\/\/szrnk.ch\/en\/wp-json\/wp\/v2\/pages\/25954\/revisions"}],"predecessor-version":[{"id":33628,"href":"https:\/\/szrnk.ch\/en\/wp-json\/wp\/v2\/pages\/25954\/revisions\/33628"}],"wp:attachment":[{"href":"https:\/\/szrnk.ch\/en\/wp-json\/wp\/v2\/media?parent=25954"}],"curies":[{"name":"wp","href":"https:\/\/api.w.org\/{rel}","templated":true}]}}