{"id":26040,"date":"2017-08-29T15:19:21","date_gmt":"2017-08-29T15:19:21","guid":{"rendered":"https:\/\/szrnk.ch\/crisis-communications-training"},"modified":"2024-01-26T15:50:26","modified_gmt":"2024-01-26T15:50:26","slug":"crisis-communications-training","status":"publish","type":"page","link":"https:\/\/szrnk.ch\/en\/crisis-communications-training","title":{"rendered":"Crisis Communications Training"},"content":{"rendered":"<p>[et_pb_section fb_built=&#8221;1&#8243; inner_shadow=&#8221;on&#8221; fullwidth=&#8221;on&#8221; custom_padding_last_edited=&#8221;on|desktop&#8221; admin_label=&#8221;section&#8221; module_id=&#8221;background_animated&#8221; module_class=&#8221;gradient_section&#8221; _builder_version=&#8221;4.16&#8243; background_color=&#8221;#f7f7f7&#8243; background_image=&#8221;https:\/\/szrnk.ch\/wp-content\/uploads\/2017\/09\/USB_121206-p000070.jpg&#8221; parallax=&#8221;on&#8221; parallax_method=&#8221;off&#8221; custom_padding_tablet=&#8221;50px|0|50px|0&#8243; custom_padding_phone=&#8221;&#8221; custom_css_after=&#8221;#background_animated { || -webkit-box-sizing: initial;|| -moz-box-sizing: initial;|| box-sizing: initial; ||}||#background_animated .et_pb_row {|| z-index: 1; ||}||#background_animated:after{||content: %22%22;|| position: absolute;|| top: 0; left: 0; bottom: 0; right: 0;|| -o-animation: colorandom 15s infinite; || -moz-animation: colorandom 15s infinite; || -webkit-animation: colorandom 15s infinite; || animation: colorandom 15s infinite; || filter: alpha(opacity=75);|| -moz-opacity: 0.75;|| -khtml-opacity: 0.75;|| opacity: 0.75;||}||@-o-keyframes colorandom { || 0% {background: #3ba3ff;} || 20% {background: #2e48b4;}|| 40% {background: #ee6a68;} || 60% {background: #92bdcf;} || 80% {background: #ff973b;} || 100% {background: #3ba3ff;} ||}||@-moz-keyframes colorandom { || 0% {background: #3ba3ff;} || 20% {background: #2e48b4;} || 40% {background: #ee6a68;} || 60% {background: #92bdcf;} || 80% {background: #ff973b;} || 100% {background: #3ba3ff;} ||}||@-webkit-keyframes colorandom { || 0% {background: #3ba3ff;} || 20% {background: #2e48b4;} || 40% {background: #ee6a68;} || 60% {background: #92bdcf;} || 80% {background: #ff973b;} || 100% {background: #3ba3ff;}||}||@keyframes colorandom { || 0% {background: #3ba3ff;} || 20% {background: #2e48b4;} || 40% {background: #ee6a68;} || 60% {background: #92bdcf;} || 80% {background: #ff973b;} || 100% {background: #3ba3ff;}||}&#8221; padding_mobile=&#8221;off&#8221; global_colors_info=&#8221;{}&#8221; da_is_popup=&#8221;off&#8221; da_exit_intent=&#8221;off&#8221; da_has_close=&#8221;on&#8221; da_alt_close=&#8221;off&#8221; da_dark_close=&#8221;off&#8221; da_not_modal=&#8221;on&#8221; da_is_singular=&#8221;off&#8221; da_with_loader=&#8221;off&#8221; da_has_shadow=&#8221;on&#8221; da_disable_devices=&#8221;off|off|off&#8221;][et_pb_fullwidth_header title=&#8221;Communication Training&#8221; text_orientation=&#8221;center&#8221; header_scroll_down=&#8221;on&#8221; scroll_down_icon=&#8221;%%1%%&#8221; background_overlay_color=&#8221;rgba(67,1,165,0)&#8221; title_font_color=&#8221;#ffffff&#8221; admin_label=&#8221;Fullwidth Lead Text: Medientraining &#8221; _builder_version=&#8221;4.16&#8243; title_text_color=&#8221;#ffffff&#8221; title_font_size=&#8221;60px&#8221; title_line_height=&#8221;1.2em&#8221; content_font_size=&#8221;22px&#8221; content_line_height=&#8221;1.1em&#8221; background_color=&#8221;rgba(255, 255, 255, 0)&#8221; background_size=&#8221;initial&#8221; background_position=&#8221;top_left&#8221; background_repeat=&#8221;repeat&#8221; custom_css_header_container=&#8221;font-size: 105%;||margin-top:100px;||margin-bottom: 60px;&#8221; custom_css_title=&#8221;margin-bottom: 1em;&#8221; button_one_letter_spacing_hover=&#8221;0&#8243; button_two_letter_spacing_hover=&#8221;0&#8243; global_colors_info=&#8221;{}&#8221; button_one_text_size__hover_enabled=&#8221;off&#8221; button_one_text_size__hover=&#8221;null&#8221; button_two_text_size__hover_enabled=&#8221;off&#8221; button_two_text_size__hover=&#8221;null&#8221; button_one_text_color__hover_enabled=&#8221;off&#8221; button_one_text_color__hover=&#8221;null&#8221; button_two_text_color__hover_enabled=&#8221;off&#8221; button_two_text_color__hover=&#8221;null&#8221; button_one_border_width__hover_enabled=&#8221;off&#8221; button_one_border_width__hover=&#8221;null&#8221; button_two_border_width__hover_enabled=&#8221;off&#8221; button_two_border_width__hover=&#8221;null&#8221; button_one_border_color__hover_enabled=&#8221;off&#8221; button_one_border_color__hover=&#8221;null&#8221; button_two_border_color__hover_enabled=&#8221;off&#8221; button_two_border_color__hover=&#8221;null&#8221; button_one_border_radius__hover_enabled=&#8221;off&#8221; button_one_border_radius__hover=&#8221;null&#8221; button_two_border_radius__hover_enabled=&#8221;off&#8221; button_two_border_radius__hover=&#8221;null&#8221; button_one_letter_spacing__hover_enabled=&#8221;on&#8221; button_one_letter_spacing__hover=&#8221;0&#8243; button_two_letter_spacing__hover_enabled=&#8221;on&#8221; button_two_letter_spacing__hover=&#8221;0&#8243; button_one_bg_color__hover_enabled=&#8221;off&#8221; button_one_bg_color__hover=&#8221;null&#8221; button_two_bg_color__hover_enabled=&#8221;off&#8221; button_two_bg_color__hover=&#8221;null&#8221;]<\/p>\n<p>The management of crisis communication during an incident is essential to build unity and trust.<\/p>\n<p>[\/et_pb_fullwidth_header][\/et_pb_section][et_pb_section fb_built=&#8221;1&#8243; custom_padding_last_edited=&#8221;on|desktop&#8221; admin_label=&#8221;section&#8221; _builder_version=&#8221;4.16&#8243; custom_padding_tablet=&#8221;50px|0|50px|0&#8243; custom_padding_phone=&#8221;&#8221; transparent_background=&#8221;off&#8221; padding_mobile=&#8221;off&#8221; global_colors_info=&#8221;{}&#8221; da_is_popup=&#8221;off&#8221; da_exit_intent=&#8221;off&#8221; da_has_close=&#8221;on&#8221; da_alt_close=&#8221;off&#8221; da_dark_close=&#8221;off&#8221; da_not_modal=&#8221;on&#8221; da_is_singular=&#8221;off&#8221; da_with_loader=&#8221;off&#8221; da_has_shadow=&#8221;on&#8221; da_disable_devices=&#8221;off|off|off&#8221;][et_pb_row padding_mobile=&#8221;off&#8221; column_padding_mobile=&#8221;on&#8221; admin_label=&#8221;row&#8221; _builder_version=&#8221;4.16&#8243; background_size=&#8221;initial&#8221; background_position=&#8221;top_left&#8221; background_repeat=&#8221;repeat&#8221; global_colors_info=&#8221;{}&#8221;][et_pb_column type=&#8221;4_4&#8243; _builder_version=&#8221;4.16&#8243; custom_padding=&#8221;|||&#8221; global_colors_info=&#8221;{}&#8221; custom_padding__hover=&#8221;|||&#8221;][et_pb_text _builder_version=&#8221;4.16&#8243; background_size=&#8221;initial&#8221; background_position=&#8221;top_left&#8221; background_repeat=&#8221;repeat&#8221; module_alignment=&#8221;left&#8221; border_style=&#8221;solid&#8221; global_colors_info=&#8221;{}&#8221;]<\/p>\n<h1><img loading=\"lazy\" decoding=\"async\" class=\"alignleft wp-image-25447 size-full\" src=\"..\/wp-content\/uploads\/2016\/11\/SZRNK-Logo-ProjectIcons_Bildung-crop.png\" alt=\"Aus- Weiter- und Fortbildung\" width=\"137\" height=\"142\" \/>Medientraining SFG (SFG-Medien)<\/h1>\n<p>This course is currently held in German language only. Therefore, a good knowledge of German is required. Please continue reading the course description in German:<\/p>\n<p>Anhand eines fiktiven Szenarios mit einem Massenanfall von Patienten k\u00f6nnen Kursteilnehmer in die Rolle der verantwortlichen Person f\u00fcr die Medienarbeit eines Rettungsdienstes oder Spitals schl\u00fcpfen und Medienarbeit praktisch \u00fcben. Das Medientraining will Krisenverantwortlichen erm\u00f6glichen, von realistisch geschilderten Szenarien und deren Bew\u00e4ltigung zu lernen.\u00a0Dies praktischen Arbeiten werden umrahmt von theoretischen Grundlagenreferaten.<\/p>\n<p>Das Absolvieren des Kurses kann zur pers\u00f6nlichen Fortbildung unter Anrechnung von Credits deklariert werden (<a href=\"http:\/\/www.cefoca-sfg.ch\/uploads\/media\/Fortbildungsordnung_Erneuerung_Diplom.pdf\" target=\"_blank\" rel=\"noopener noreferrer\">Fortbildungsordnung SFG-CESAM<\/a>; SGAR, SGIM, SGC, SGAIM).<\/p>\n<p>[\/et_pb_text][\/et_pb_column][\/et_pb_row][et_pb_row column_structure=&#8221;1_2,1_2&#8243; _builder_version=&#8221;4.16&#8243; background_size=&#8221;initial&#8221; background_position=&#8221;top_left&#8221; background_repeat=&#8221;repeat&#8221; global_colors_info=&#8221;{}&#8221;][et_pb_column type=&#8221;1_2&#8243; _builder_version=&#8221;4.16&#8243; custom_padding=&#8221;|||&#8221; global_colors_info=&#8221;{}&#8221; custom_padding__hover=&#8221;|||&#8221;][et_pb_testimonial author=&#8221;G\u00fcnter Bildstein&#8221; job_title=&#8221;Leiter Rettung&#8221; company_name=&#8221;Rettung St.Gallen&#8221; quote_icon=&#8221;off&#8221; quote_icon_color=&#8221;#b7b7b7&#8243; disabled_on=&#8221;on|off|off&#8221; _builder_version=&#8221;4.16&#8243; body_font_size=&#8221;13&#8243; body_line_height=&#8221;1.3em&#8221; border_style=&#8221;solid&#8221; global_colors_info=&#8221;{}&#8221;]<\/p>\n<p>&#8220;Am Medientag SFG werden die Risiken und Chancen von Pressekontakten plausibel dargestellt. Die Vor- und Nachteile von Print-, Radio und TV-Medien werden aufgezeigt. Es bestehen viele praktische Trainingsm\u00f6glichkeiten in authentischem Umfeld. Dazu gibt es jede Menge Tipps und Tricks. Fazit: ein lohnenswerter, lehrreicher Tag.&#8221;<\/p>\n<p>[\/et_pb_testimonial][\/et_pb_column][et_pb_column type=&#8221;1_2&#8243; _builder_version=&#8221;4.16&#8243; custom_padding=&#8221;|||&#8221; global_colors_info=&#8221;{}&#8221; custom_padding__hover=&#8221;|||&#8221;][et_pb_testimonial author=&#8221;Dr. med. Hans Matter&#8221; job_title=&#8221;Chefarzt&#8221; company_name=&#8221;Institut f\u00fcr Klinische Notfallmedizin, Spital Limmattal&#8221; quote_icon=&#8221;off&#8221; quote_icon_color=&#8221;#b7b7b7&#8243; _builder_version=&#8221;4.16&#8243; body_font_size=&#8221;13&#8243; body_line_height=&#8221;1.3em&#8221; border_style=&#8221;solid&#8221; global_colors_info=&#8221;{}&#8221;]<\/p>\n<p>&#8220;Der Medienkurs SFG bereitet den Klinischen Notfallmediziner wie auch die Notfallpflege kurzweilig, pr\u00e4gnant, realistisch und mit vielen Trainingsm\u00f6glichkeiten auf den Umgang mit den Medien bei einem Grossereignis im Spital vor. Eine der bis anhin besten und n\u00fctzlichsten Weiterbildungen, die ich je besucht habe \u2013 in meinen Augen ein absolutes MUSS!&#8221;<\/p>\n<p>[\/et_pb_testimonial][\/et_pb_column][\/et_pb_row][et_pb_row column_structure=&#8221;1_4,1_4,1_4,1_4&#8243; _builder_version=&#8221;4.16&#8243; background_size=&#8221;initial&#8221; background_position=&#8221;top_left&#8221; background_repeat=&#8221;repeat&#8221; global_colors_info=&#8221;{}&#8221;][et_pb_column type=&#8221;1_4&#8243; _builder_version=&#8221;4.16&#8243; custom_padding=&#8221;|||&#8221; global_colors_info=&#8221;{}&#8221; custom_padding__hover=&#8221;|||&#8221;][et_pb_blurb title=&#8221;Print&#8221; use_icon=&#8221;on&#8221; font_icon=&#8221;&#x69;||divi||400&#8243; icon_color=&#8221;#999999&#8243; _builder_version=&#8221;4.16&#8243; text_orientation=&#8221;center&#8221; border_style=&#8221;solid&#8221; global_colors_info=&#8221;{}&#8221;]<br \/>\n[\/et_pb_blurb][\/et_pb_column][et_pb_column type=&#8221;1_4&#8243; _builder_version=&#8221;4.16&#8243; custom_padding=&#8221;|||&#8221; global_colors_info=&#8221;{}&#8221; custom_padding__hover=&#8221;|||&#8221;][et_pb_blurb title=&#8221;Radio&#8221; use_icon=&#8221;on&#8221; font_icon=&#8221;&#xe01b;||divi||400&#8243; icon_color=&#8221;#999999&#8243; admin_label=&#8221;RADIO&#8221; _builder_version=&#8221;4.16&#8243; text_orientation=&#8221;center&#8221; border_style=&#8221;solid&#8221; global_colors_info=&#8221;{}&#8221;]<br \/>\n[\/et_pb_blurb][\/et_pb_column][et_pb_column type=&#8221;1_4&#8243; _builder_version=&#8221;4.16&#8243; custom_padding=&#8221;|||&#8221; global_colors_info=&#8221;{}&#8221; custom_padding__hover=&#8221;|||&#8221;][et_pb_blurb title=&#8221;TV&#8221; use_icon=&#8221;on&#8221; font_icon=&#8221;&#xe024;||divi||400&#8243; icon_color=&#8221;#999999&#8243; _builder_version=&#8221;4.16&#8243; text_orientation=&#8221;center&#8221; border_style=&#8221;solid&#8221; global_colors_info=&#8221;{}&#8221;]<br \/>\n[\/et_pb_blurb][\/et_pb_column][et_pb_column type=&#8221;1_4&#8243; _builder_version=&#8221;4.16&#8243; custom_padding=&#8221;|||&#8221; global_colors_info=&#8221;{}&#8221; custom_padding__hover=&#8221;|||&#8221;][et_pb_blurb title=&#8221;Media Conference&#8221; use_icon=&#8221;on&#8221; font_icon=&#8221;&#x77;||divi||400&#8243; icon_color=&#8221;#999999&#8243; admin_label=&#8221;Medienkonferenz&#8221; _builder_version=&#8221;4.16&#8243; text_orientation=&#8221;center&#8221; border_style=&#8221;solid&#8221; global_colors_info=&#8221;{}&#8221;]<br \/>\n[\/et_pb_blurb][\/et_pb_column][\/et_pb_row][et_pb_row column_structure=&#8221;3_4,1_4&#8243; padding_mobile=&#8221;off&#8221; column_padding_mobile=&#8221;on&#8221; admin_label=&#8221;row&#8221; _builder_version=&#8221;4.16&#8243; background_size=&#8221;initial&#8221; background_position=&#8221;top_left&#8221; background_repeat=&#8221;repeat&#8221; global_colors_info=&#8221;{}&#8221;][et_pb_column type=&#8221;3_4&#8243; _builder_version=&#8221;4.16&#8243; custom_padding=&#8221;|||&#8221; global_colors_info=&#8221;{}&#8221; custom_padding__hover=&#8221;|||&#8221;][et_pb_text admin_label=&#8221;Kurs 2018&#8243; _builder_version=&#8221;4.16&#8243; background_size=&#8221;initial&#8221; background_position=&#8221;top_left&#8221; background_repeat=&#8221;repeat&#8221; module_alignment=&#8221;left&#8221; global_colors_info=&#8221;{}&#8221;]<\/p>\n<h2>Course 2023<\/h2>\n<div><strong>Date:<\/strong> <strong>June 20. 2023<\/strong><\/div>\n<div>Accreditation: 8:30 \u2013 9:15 am<\/div>\n<div><strong>Location: <\/strong>Sanit\u00e4tspolizei Bern,<a href=\"https:\/\/www.google.ch\/maps\/place\/Murtenstrasse+111,+3008+Bern\/@46.9501001,7.4119201,17z\/data=!3m1!4b1!4m5!3m4!1s0x478e390be240020f:0x51ccccd1f9e28a96!8m2!3d46.9501001!4d7.4141141?hl=en\" target=\"_blank\" rel=\"noopener noreferrer\"> Murtenstrasse 111, 3008 Bern<\/a><br \/>Costs: 1 day course, inlusive lunch, CHF 550.&#8211;<\/div>\n<div><strong>SFG-M:<\/strong> Crisis communications training in context with emergeny and disaster medicine scenarios.<\/div>\n<div><strong>SFG-Medien Faculty:<\/strong><br \/>Anita Panzer, apacom<br \/>Fabian Gressly, communiqua<br \/>Georg Auf der Maur, Redaktor und Sicherheitschef SRF<br \/>Dr. med. Frank Neff, course director<\/div>\n<div><strong>Syllabus:<\/strong><\/div>\n<div><a href=\"https:\/\/szrnk.ch\/en\/sfg-medien-syllabus-2018-2\">Syllabus 2018<\/a> (PDF, 96KB, in German)<\/div>\n<p>[\/et_pb_text][\/et_pb_column][et_pb_column type=&#8221;1_4&#8243; _builder_version=&#8221;4.16&#8243; custom_padding=&#8221;|||&#8221; global_colors_info=&#8221;{}&#8221; custom_padding__hover=&#8221;|||&#8221;][et_pb_text disabled_on=&#8221;on|on|on&#8221; _builder_version=&#8221;4.16&#8243; background_size=&#8221;initial&#8221; background_position=&#8221;top_left&#8221; background_repeat=&#8221;repeat&#8221; module_alignment=&#8221;left&#8221; border_style=&#8221;solid&#8221; disabled=&#8221;on&#8221; global_colors_info=&#8221;{}&#8221;]<\/p>\n<h4><strong>Publications<\/strong><\/h4>\n<p>SCHWEIZERISCHE \u00c4RZTEZEITUNG<br \/>\n2016;97(26\u201327):958\u2013960<br \/>\n<a href=\"https:\/\/szrnk.ch\/wp-content\/uploads\/2016\/08\/Zuercher_SAEZ_2016_97_958_SFG-LeitbildNr7_deu.pdf\" target=\"_blank\" rel=\"noopener noreferrer\">SFG Leitbild Nr. 7<\/a><\/p>\n<p>BULLETIN DES M\u00c9DECINS SUISSES<br \/>\n2016;97(26\u201327):958\u2013960<br \/>\n<a href=\"https:\/\/szrnk.ch\/wp-content\/uploads\/2016\/08\/Zuercher_SAEZ_2016_97_958_SFG-LeitbildNr7_fra.pdf\" target=\"_blank\" rel=\"noopener noreferrer\">Conduit\u00a0CEFOCA Nr. 7<\/a><\/p>\n<p>[\/et_pb_text][\/et_pb_column][\/et_pb_row][et_pb_row padding_mobile=&#8221;off&#8221; column_padding_mobile=&#8221;on&#8221; disabled_on=&#8221;off|off|off&#8221; _builder_version=&#8221;4.16&#8243; background_size=&#8221;initial&#8221; background_position=&#8221;top_left&#8221; background_repeat=&#8221;repeat&#8221; global_colors_info=&#8221;{}&#8221;][et_pb_column type=&#8221;4_4&#8243; _builder_version=&#8221;4.16&#8243; custom_padding=&#8221;|||&#8221; global_colors_info=&#8221;{}&#8221; custom_padding__hover=&#8221;|||&#8221;][et_pb_text admin_label=&#8221;Text mit iFrame&#8221; _builder_version=&#8221;4.16&#8243; background_size=&#8221;initial&#8221; background_position=&#8221;top_left&#8221; background_repeat=&#8221;repeat&#8221; module_alignment=&#8221;left&#8221; use_border_color=&#8221;off&#8221; border_color=&#8221;#ffffff&#8221; border_style=&#8221;solid&#8221; global_colors_info=&#8221;{}&#8221;]<\/p>\n<h1><img loading=\"lazy\" decoding=\"async\" class=\"alignleft wp-image-25445 size-full\" src=\"https:\/\/szrnk.ch\/wp-content\/uploads\/2016\/11\/SZRNK-Logo-ProjectIcons_Bildung.png\" alt=\"Kursanmeldung SZRNK \u2013 SCRED\" width=\"80\" height=\"92\" \/>Course Registration<\/h1>\n<p><iframe loading=\"lazy\" src=\"https:\/\/pm-rp.primeteach.ch\/ui\/tools\/course-registration\" name=\"kurse\" width=\"100%\" height=\"600\" frameborder=\"1\"> &amp;amp;amp;amp;amp;amp;amp;amp;amp;lt;p&amp;amp;amp;amp;amp;amp;amp;amp;amp;gt;Ihr Browser kann leider keine eingebetteten Frames anzeigen: Sie k\u00f6nnen die eingebettete Seite \u00fcber den folgenden Verweis aufrufen: https:\/\/www.primeteach.ch\/RegistrationWizardSZRNK\/ListClasses.php &amp;amp;amp;amp;amp;amp;amp;amp;amp;lt;\/p&amp;amp;amp;amp;amp;amp;amp;amp;amp;gt; <\/iframe><\/p>\n<p>[\/et_pb_text][\/et_pb_column][\/et_pb_row][\/et_pb_section][et_pb_section fb_built=&#8221;1&#8243; admin_label=&#8221;Section&#8221; module_id=&#8221;footer-section&#8221; _builder_version=&#8221;4.24.0&#8243; da_popup_slug=&#8221;footer-section&#8221; da_disable_devices=&#8221;off|off|off&#8221; global_colors_info=&#8221;{}&#8221; global_module=&#8221;27217&#8243; theme_builder_area=&#8221;post_content&#8221; da_is_popup=&#8221;off&#8221; da_exit_intent=&#8221;off&#8221; da_has_close=&#8221;on&#8221; da_alt_close=&#8221;off&#8221; da_dark_close=&#8221;off&#8221; da_not_modal=&#8221;on&#8221; da_is_singular=&#8221;off&#8221; da_with_loader=&#8221;off&#8221; da_has_shadow=&#8221;on&#8221;][et_pb_row column_structure=&#8221;3_4,1_4&#8243; _builder_version=&#8221;4.16&#8243; background_size=&#8221;initial&#8221; background_position=&#8221;top_left&#8221; background_repeat=&#8221;repeat&#8221; global_colors_info=&#8221;{}&#8221; theme_builder_area=&#8221;post_content&#8221;][et_pb_column type=&#8221;3_4&#8243; _builder_version=&#8221;4.16&#8243; custom_padding=&#8221;|||&#8221; global_colors_info=&#8221;{}&#8221; custom_padding__hover=&#8221;|||&#8221; theme_builder_area=&#8221;post_content&#8221;][et_pb_text admin_label=&#8221;Footer-section EN&#8221; _builder_version=&#8221;4.24.0&#8243; custom_padding=&#8221;2em|||&#8221; global_colors_info=&#8221;{}&#8221; theme_builder_area=&#8221;post_content&#8221;]<\/p>\n<p>Swiss Center for Rescue, Emergency and Disaster Medicine (SCRED) <br \/>T +41 (0)61 265 89 11<\/p>\n<p>[\/et_pb_text][et_pb_text _builder_version=&#8221;4.24.0&#8243; _dynamic_attributes=&#8221;content&#8221; _module_preset=&#8221;default&#8221; global_colors_info=&#8221;{}&#8221; theme_builder_area=&#8221;post_content&#8221;]@ET-DC@eyJkeW5hbWljIjp0cnVlLCJjb250ZW50IjoiY3VycmVudF9kYXRlIiwic2V0dGluZ3MiOnsiYmVmb3JlIjoiPGEgaHJlZj1cImh0dHBzOi8vc3pybmsuY2gva29udGFrdC9cIj5Db250YWN0IDwvYT4gfCA8YSBocmVmPVwiaHR0cHM6Ly9zenJuay5jaC9pbXByZXNzdW0vXCI+SW1wcmVzc3VtPC9hPiB8IFx1MDBhOSAyMDE2LSIsImFmdGVyIjoiIFNDUkVEIiwiZGF0ZV9mb3JtYXQiOiJjdXN0b20iLCJjdXN0b21fZGF0ZV9mb3JtYXQiOiJ5In19@[\/et_pb_text][\/et_pb_column][et_pb_column type=&#8221;1_4&#8243; _builder_version=&#8221;4.16&#8243; custom_padding=&#8221;|||&#8221; global_colors_info=&#8221;{}&#8221; custom_padding__hover=&#8221;|||&#8221; theme_builder_area=&#8221;post_content&#8221;][et_pb_text admin_label=&#8221;Text association UNIBAS&#8221; _builder_version=&#8221;4.16&#8243; global_colors_info=&#8221;{}&#8221; theme_builder_area=&#8221;post_content&#8221;]<\/p>\n<p><a href=\"https:\/\/www.unibas.ch\/de\/Universitaet\/Netzwerke-Partnerschaften\/Assoziierte-Institute.html\" target=\"_blank\" rel=\"noopener\"><img loading=\"lazy\" decoding=\"async\" class=\"size-medium wp-image-25406 alignnone\" src=\"https:\/\/szrnk.ch\/wp-content\/uploads\/2016\/10\/UniBas_Logo_DE_Weiss_RGB_65-300x96.gif\" alt=\"University of Basel association\" width=\"300\" height=\"96\"><\/a><\/p>\n<p>SCRED association at University of Basel<\/p>\n<p>[\/et_pb_text][\/et_pb_column][\/et_pb_row][\/et_pb_section]<\/p>\n","protected":false},"excerpt":{"rendered":"<p>The management of crisis communication during an incident is essential to build unity and trust. Medientraining SFG (SFG-Medien) This course is currently held in German language only. Therefore, a good knowledge of German is required. Please continue reading the course description in German: Anhand eines fiktiven Szenarios mit einem Massenanfall von Patienten k\u00f6nnen Kursteilnehmer in [&hellip;]<\/p>\n","protected":false},"author":1,"featured_media":0,"parent":0,"menu_order":0,"comment_status":"closed","ping_status":"closed","template":"","meta":{"_et_pb_use_builder":"on","_et_pb_old_content":"","_et_gb_content_width":"","footnotes":""},"class_list":["post-26040","page","type-page","status-publish","hentry"],"_links":{"self":[{"href":"https:\/\/szrnk.ch\/en\/wp-json\/wp\/v2\/pages\/26040","targetHints":{"allow":["GET"]}}],"collection":[{"href":"https:\/\/szrnk.ch\/en\/wp-json\/wp\/v2\/pages"}],"about":[{"href":"https:\/\/szrnk.ch\/en\/wp-json\/wp\/v2\/types\/page"}],"author":[{"embeddable":true,"href":"https:\/\/szrnk.ch\/en\/wp-json\/wp\/v2\/users\/1"}],"replies":[{"embeddable":true,"href":"https:\/\/szrnk.ch\/en\/wp-json\/wp\/v2\/comments?post=26040"}],"version-history":[{"count":17,"href":"https:\/\/szrnk.ch\/en\/wp-json\/wp\/v2\/pages\/26040\/revisions"}],"predecessor-version":[{"id":33609,"href":"https:\/\/szrnk.ch\/en\/wp-json\/wp\/v2\/pages\/26040\/revisions\/33609"}],"wp:attachment":[{"href":"https:\/\/szrnk.ch\/en\/wp-json\/wp\/v2\/media?parent=26040"}],"curies":[{"name":"wp","href":"https:\/\/api.w.org\/{rel}","templated":true}]}}