{"id":26644,"date":"2018-09-10T14:56:47","date_gmt":"2018-09-10T14:56:47","guid":{"rendered":"https:\/\/szrnk.ch\/?page_id=26644"},"modified":"2024-01-25T10:52:17","modified_gmt":"2024-01-25T10:52:17","slug":"sfg-h","status":"publish","type":"page","link":"https:\/\/szrnk.ch\/en\/sfg-h","title":{"rendered":"SFG-H Sanit\u00e4tsdienstliche F\u00fchrung Grossereignis &#8211; Hospital"},"content":{"rendered":"<p>[et_pb_section fb_built=&#8221;1&#8243; fullwidth=&#8221;on&#8221; disabled_on=&#8221;off|off|off&#8221; _builder_version=&#8221;4.16&#8243; custom_padding=&#8221;0px|0px|0|0px|false|false&#8221; global_colors_info=&#8221;{}&#8221; da_is_popup=&#8221;off&#8221; da_exit_intent=&#8221;off&#8221; da_has_close=&#8221;on&#8221; da_alt_close=&#8221;off&#8221; da_dark_close=&#8221;off&#8221; da_not_modal=&#8221;on&#8221; da_is_singular=&#8221;off&#8221; da_with_loader=&#8221;off&#8221; da_has_shadow=&#8221;on&#8221; da_disable_devices=&#8221;off|off|off&#8221;][et_pb_fullwidth_header title=&#8221;Medical managment of mass casualty incidents \u2013 hospital: SFG-H&#8221; text_orientation=&#8221;center&#8221; header_scroll_down=&#8221;on&#8221; scroll_down_icon=&#8221;%%1%%&#8221; admin_label=&#8221;Fullwidth Lead Text Medical managment of mass casualty incidents \u2013 hospital: SFG-H&#8221; _builder_version=&#8221;4.16&#8243; title_font_size=&#8221;42px&#8221; title_line_height=&#8221;1.3em&#8221; background_color=&#8221;rgba(232,232,232,0.89)&#8221; background_image=&#8221;https:\/\/szrnk.ch\/wp-content\/uploads\/2018\/09\/abstract-abstraction-background-1080-2.jpg&#8221; custom_padding=&#8221;159px||164px|&#8221; custom_css_header_container=&#8221;font-size: 105%;&#8221; text_shadow_style=&#8221;preset3&#8243; global_colors_info=&#8221;{}&#8221;]<br \/>\n[\/et_pb_fullwidth_header][\/et_pb_section][et_pb_section fb_built=&#8221;1&#8243; _builder_version=&#8221;4.16&#8243; custom_padding=&#8221;54px|0px|36px|0px|false|false&#8221; global_colors_info=&#8221;{}&#8221; da_is_popup=&#8221;off&#8221; da_exit_intent=&#8221;off&#8221; da_has_close=&#8221;on&#8221; da_alt_close=&#8221;off&#8221; da_dark_close=&#8221;off&#8221; da_not_modal=&#8221;on&#8221; da_is_singular=&#8221;off&#8221; da_with_loader=&#8221;off&#8221; da_has_shadow=&#8221;on&#8221; da_disable_devices=&#8221;off|off|off&#8221;][et_pb_row column_padding_mobile=&#8221;on&#8221; admin_label=&#8221;row&#8221; _builder_version=&#8221;4.16&#8243; background_size=&#8221;initial&#8221; background_position=&#8221;top_left&#8221; background_repeat=&#8221;repeat&#8221; custom_padding=&#8221;0|0px|1px|0px|false|false&#8221; global_colors_info=&#8221;{}&#8221; column_structure=&#8221;3_4,1_4&#8243;][et_pb_column type=&#8221;3_4&#8243; _builder_version=&#8221;4.16&#8243; custom_padding=&#8221;|||&#8221; global_colors_info=&#8221;{}&#8221; custom_padding__hover=&#8221;|||&#8221;][et_pb_text _builder_version=&#8221;4.16&#8243; background_size=&#8221;initial&#8221; background_position=&#8221;top_left&#8221; background_repeat=&#8221;repeat&#8221; global_colors_info=&#8221;{}&#8221;]<\/p>\n<h1><img loading=\"lazy\" decoding=\"async\" class=\"alignleft wp-image-25447 size-full\" src=\"..\/wp-content\/uploads\/2016\/11\/SZRNK-Logo-ProjectIcons_Bildung-crop.png\" alt=\"Aus- Weiter- und Fortbildung\" width=\"137\" height=\"142\" \/><\/h1>\n<h2>Weiter- und Fortbildung SFG<\/h2>\n<p>Das Weiterbildungs\u00adprogramm SFG (Sanit\u00e4ts\u00addienstliche F\u00fchrung Gross\u00adereignis) hat sich zum Ziel gesetzt, die Kompe\u00adtenzen und Fertigkeiten von Kader der Rettungs- und Notfall\u00admedizin f\u00fcr die optimale Bew\u00e4ltigung eines Gross\u00adereig\u00adnisses zu vermitteln. Dabei steht das Verst\u00e4ndnis und das Training von F\u00fchrungs\u00adkompe\u00adtenzen, die bei komplexen Ereignissen ganz wesentlich zum Erfolg beitragen, im Fokus.<\/p>\n<p>Das Programm SFG wird im Auftrag des <a href=\"https:\/\/www.vtg.admin.ch\/de\/organisation\/astab\/san\/ksd.html\" target=\"_blank\" rel=\"noopener noreferrer\">Koordinierten Sanit\u00e4ts\u00addienst (KSD)<\/a> angeboten.<\/p>\n<p>Absolventen der Weiter\u00adbildung SFG k\u00f6nnen bei entsprechender Qualifi\u00adkation die f\u00fcr die jeweilige Funktion passenden Zertifikate erlangen. Aufbau- und Fortbildungs\u00adangebote sind f\u00fcr die konti\u00adnuier\u00adliche Fort\u00adbildung resp. auch f\u00fcr die allf\u00e4llig not\u00adwendige Re\u00adzertifi\u00adzierung verwendet werden.<\/p>\n<p>[\/et_pb_text][\/et_pb_column][et_pb_column type=&#8221;1_4&#8243; _builder_version=&#8221;4.16&#8243; custom_padding=&#8221;|||&#8221; global_colors_info=&#8221;{}&#8221; custom_padding__hover=&#8221;|||&#8221;][et_pb_blurb title=&#8221;Zum Intranet &#038; eLearning&#8221; url=&#8221;https:\/\/pm-rp.primeteach.ch\/ui\/tools\/memberarea&#8221; use_icon=&#8221;on&#8221; font_icon=&#8221;&#xe02c;||divi||400&#8243; icon_color=&#8221;rgba(175,198,19,0.98)&#8221; image_icon_background_color=&#8221;rgba(249,249,249,0.8)&#8221; image_icon_width=&#8221;48px&#8221; admin_label=&#8221;Informationstext: Zum E-Learning&#8221; _builder_version=&#8221;4.16&#8243; header_font=&#8221;||||||||&#8221; header_text_color=&#8221;rgba(0,0,0,0.98)&#8221; header_font_size=&#8221;24px&#8221; header_line_height=&#8221;1.2em&#8221; body_font=&#8221;||||||||&#8221; background_color=&#8221;rgba(25,24,2,0.1)&#8221; background_size=&#8221;initial&#8221; background_position=&#8221;top_left&#8221; background_repeat=&#8221;repeat&#8221; image_icon_custom_padding=&#8221;25px|25px|25px|25px|false|false&#8221; text_orientation=&#8221;center&#8221; custom_margin=&#8221;11px||60px|&#8221; custom_padding=&#8221;25px||4px|&#8221; border_color_all=&#8221;#ffffff&#8221; border_style_all=&#8221;solid&#8221; border_radii_image=&#8221;on|100%|100%|100%|100%&#8221; use_border_color=&#8221;on&#8221; border_color=&#8221;#eaeaea&#8221; use_circle=&#8221;on&#8221; circle_color=&#8221;rgba(249,249,249,0.8)&#8221; saved_tabs=&#8221;all&#8221; global_colors_info=&#8221;{}&#8221; image_icon_background_color__sticky_enabled=&#8221;#2ea3f2&#8243; image_icon_background_color__sticky=&#8221;#2ea3f2&#8243;]<\/p>\n<p>&nbsp;<\/p>\n<p>[\/et_pb_blurb][\/et_pb_column][\/et_pb_row][\/et_pb_section][et_pb_section fb_built=&#8221;1&#8243; _builder_version=&#8221;4.16&#8243; custom_padding=&#8221;0|0px|0|0px|false|false&#8221; global_colors_info=&#8221;{}&#8221; da_is_popup=&#8221;off&#8221; da_exit_intent=&#8221;off&#8221; da_has_close=&#8221;on&#8221; da_alt_close=&#8221;off&#8221; da_dark_close=&#8221;off&#8221; da_not_modal=&#8221;on&#8221; da_is_singular=&#8221;off&#8221; da_with_loader=&#8221;off&#8221; da_has_shadow=&#8221;on&#8221; da_disable_devices=&#8221;off|off|off&#8221;][et_pb_row column_padding_mobile=&#8221;on&#8221; admin_label=&#8221;row&#8221; _builder_version=&#8221;4.16&#8243; background_size=&#8221;initial&#8221; background_position=&#8221;top_left&#8221; background_repeat=&#8221;repeat&#8221; custom_padding=&#8221;0|0px|34px|0px|false|false&#8221; global_colors_info=&#8221;{}&#8221; column_structure=&#8221;3_4,1_4&#8243;][et_pb_column type=&#8221;3_4&#8243; _builder_version=&#8221;4.16&#8243; custom_padding=&#8221;|||&#8221; global_colors_info=&#8221;{}&#8221; custom_padding__hover=&#8221;|||&#8221;][et_pb_text admin_label=&#8221;SFG-H Kurs&#8221; _builder_version=&#8221;4.16&#8243; background_size=&#8221;initial&#8221; background_position=&#8221;top_left&#8221; background_repeat=&#8221;repeat&#8221; global_colors_info=&#8221;{}&#8221;]<\/p>\n<h1>SFG-H Kurs<\/h1>\n<p><strong>Sanit\u00e4tsdienstliche F\u00fchrung Grossereignis &#8211; Hospital:<\/strong> von der Patientenannahme im Spital bis zur definitiven Initialversorgung des Patienten.<\/p>\n<p>Der Kurs vermittelt die Prinzipien und Grund\u00adkonzepte der F\u00fchrung einer Notfall\u00adstation bei einem Ereignis mit zahlreichen Patienten. Dabei werden v.a. auch die spitali\u00adnternen F\u00fchrungs\u00adstrukturen, wie sie f\u00fcr die Bew\u00e4l\u00adtigung bei ausser\u00adordent\u00adlichen Ereignissen vor\u00adgesehen sind, thematisiert. Es wird aber auch die Schnitt\u00adstelle zur Rettungs\u00admedizin beleuchtet, da eine optimale Verzah\u00adnung zwischen out-of-hospital und in-hospital die Patienten\u00adver\u00adsorgung wesentlich mit\u00adbeein\u00adflussen kann.<\/p>\n<p><strong>F\u00fcr \u00c4rzte:<\/strong> Dieser Kurs gilt als <strong>anerkannte Ausbildung<\/strong> in Katastrophenmedizin zur Erteilung des F\u00e4higkeitsausweises \u00abKlinische Notfallmedizin\u00bb der SGNOR.<\/p>\n<p><strong>Kursdauer:<\/strong> zwei Tage.<\/p>\n<p><strong>Kursinhalte:<\/strong> \u2022 Pre-Triage \/ Triage in der Pr\u00e4klinik \u2022 PLS &amp; IES \u2022 Alltagstriage vs. MANV-Triage \u2022 Organisation Grossereignis in der Klinik \u2022 ABC &#8211; Schutz \u2022 Umgang mit der Presse \u2022 SimCode H<br \/> <a href=\"https:\/\/szrnk.ch\/wp-content\/uploads\/2018\/09\/Gegenstandskatalog-SFG-H.pdf\" target=\"_blank\" rel=\"noopener\">Gegenstandskatalog SFG-H.pdf<\/a><\/p>\n<p><strong>Teilnahmevoraussetzungen:<\/strong><br \/> <span style=\"color: #7a7a7a;\"><strong>\u00c4rztlich:<\/strong><\/span>\u00a0Notfallmedizinische Grund\u00adausbildung. T\u00e4tigkeit oder geplante T\u00e4tigkeit im Rahmen der klinischen Notfall\u00admedizin.<b><br \/> <\/b> <strong><span style=\"color: #7a7a7a;\">Pflege: <\/span><\/strong>Notfallpflege<\/p>\n<p>Die Zuteilung der Kurs\u00adpl\u00e4tze erfolgt nach Eingang der Anmeldung. Der Kurs ist auf 24 Teilnehmende limitiert. Angemeldete Personen, welche nicht ber\u00fccksichtigt werden k\u00f6nnen, m\u00fcssen sich im Folgejahr erneut anmelden.<\/p>\n<p><strong>Kursabschluss:<\/strong> Nach Absolvieren des gesamten Kurses und erfolgter Evaluation wird eine Teil\u00adnahme\u00adbest\u00e4tigung ausgestellt.<\/p>\n<p><strong>Cr\u00e9dits:<\/strong> Das Absolvieren des Kurses kann zur pers\u00f6nlichen Fort\u00adbildung unter Anrechnung von Cr\u00e9dits deklariert werden (<a href=\"http:\/\/www.cefoca-sfg.ch\/uploads\/media\/Fortbildungsordnung_SFG_CSAM_d.pdf\" target=\"_blank\" rel=\"noopener noreferrer\">Fortbildungsordnung SFG\/CSAM).<\/a><br \/> SFG: 14 Cr\u00e9dits; SGAR: 16 Cr\u00e9dits; SGNOR: 16 Cr\u00e9dits; SGC: 6 Cr\u00e9dits; SGAIM 15 Cr\u00e9dits.<\/p>\n<p><strong>Administratives:<\/strong> Eine Kursabsage muss schriftlich erfolgen, Kosten entstehen gem\u00e4ss den <a href=\"https:\/\/szrnk.ch\/wp-content\/uploads\/2018\/09\/SZRNK_KSD_AGB_V3_DE.pdf\" target=\"_blank\" rel=\"noopener\">Allge\u00admeinen Gesch\u00e4ftsbedingungen (AGB)<\/a>.<\/p>\n<p><strong>Registrieren Sie sich bitte mit unten\u00adstehendem Anmelde\u00adformular.<\/strong><\/p>\n<p>[\/et_pb_text][\/et_pb_column][et_pb_column type=&#8221;1_4&#8243; _builder_version=&#8221;4.16&#8243; custom_padding=&#8221;|||&#8221; global_colors_info=&#8221;{}&#8221; custom_padding__hover=&#8221;|||&#8221;][et_pb_image src=&#8221;https:\/\/szrnk.ch\/wp-content\/uploads\/2018\/02\/SFG-CEFOCA_Logo.png&#8221; align_tablet=&#8221;center&#8221; align_last_edited=&#8221;on|desktop&#8221; admin_label=&#8221;Bild CEFOCA&#8221; _builder_version=&#8221;4.16&#8243; max_width=&#8221;68%&#8221; module_alignment=&#8221;left&#8221; global_colors_info=&#8221;{}&#8221; align_phone=&#8221;center&#8221;]<br \/>\n[\/et_pb_image][et_pb_text disabled_on=&#8221;off|off|off&#8221; admin_label=&#8221;Text: CEFOCA &#8211; SFG&#8221; _builder_version=&#8221;4.16&#8243; text_line_height=&#8221;1.3em&#8221; background_size=&#8221;initial&#8221; background_position=&#8221;top_left&#8221; background_repeat=&#8221;repeat&#8221; custom_padding=&#8221;||40px|&#8221; global_colors_info=&#8221;{}&#8221;]<\/p>\n<h4><strong>SFG &#8211; CEFOCA<br \/>\n<\/strong><\/h4>\n<p>Der SFG-H Kurs basiert auf den Konzepten des ehema\u00adligen CEFOCA-SFG (neu: SFG\/CSAM) und auf der Richtlinie des IVR \u00abOrgani\u00adsation des Sanit\u00e4ts\u00addienstes bei Ereignissen mit grossem Patienten\u00adanfall sowie bei beson\u00adderer\/ausser\u00adordentlicher Lage\u00bb.<\/p>\n<p>[\/et_pb_text][et_pb_text admin_label=&#8221;Text: Publikationen zu diesem Thema&#8221; _builder_version=&#8221;4.16&#8243; text_line_height=&#8221;1.3em&#8221; background_size=&#8221;initial&#8221; background_position=&#8221;top_left&#8221; background_repeat=&#8221;repeat&#8221; custom_padding=&#8221;||40px|&#8221; global_colors_info=&#8221;{}&#8221;]<\/p>\n<h4><strong>Publikationen zu diesem Thema<\/strong><\/h4>\n<p>SCHWEIZERISCHE \u00c4RZTEZEITUNG<br \/>\n2016;97(26\u201327):958\u2013960<br \/>\n<a href=\"https:\/\/szrnk.ch\/wp-content\/uploads\/2016\/08\/Zuercher_SAEZ_2016_97_958_SFG-LeitbildNr7_deu.pdf\" target=\"_blank\" rel=\"noopener noreferrer\">FMH Plattf. Rettungswesen Leitbild Nr.7: SFG<\/a><\/p>\n<p>BULLETIN DES M\u00c9DECINS SUISSES<br \/>\n2016;97(26\u201327):958\u2013960<br \/>\n<a href=\"https:\/\/szrnk.ch\/wp-content\/uploads\/2016\/08\/Zuercher_SAEZ_2016_97_958_SFG-LeitbildNr7_fra.pdf\" target=\"_blank\" rel=\"noopener noreferrer\">FMH Forum du sauvetage: Th\u00e8se Nr. 7: CSAM<\/a><\/p>\n<p>[\/et_pb_text][\/et_pb_column][\/et_pb_row][\/et_pb_section][et_pb_section fb_built=&#8221;1&#8243; _builder_version=&#8221;4.16&#8243; custom_padding=&#8221;0|0px|0|0px|false|false&#8221; global_colors_info=&#8221;{}&#8221; da_is_popup=&#8221;off&#8221; da_exit_intent=&#8221;off&#8221; da_has_close=&#8221;on&#8221; da_alt_close=&#8221;off&#8221; da_dark_close=&#8221;off&#8221; da_not_modal=&#8221;on&#8221; da_is_singular=&#8221;off&#8221; da_with_loader=&#8221;off&#8221; da_has_shadow=&#8221;on&#8221; da_disable_devices=&#8221;off|off|off&#8221;][et_pb_row _builder_version=&#8221;4.16&#8243; global_colors_info=&#8221;{}&#8221;][et_pb_column type=&#8221;4_4&#8243; _builder_version=&#8221;4.16&#8243; custom_padding=&#8221;|||&#8221; global_colors_info=&#8221;{}&#8221; custom_padding__hover=&#8221;|||&#8221;][et_pb_text admin_label=&#8221;Text mit iFrame&#8221; module_id=&#8221;kursanmeldung&#8221; _builder_version=&#8221;4.16&#8243; background_size=&#8221;initial&#8221; background_position=&#8221;top_left&#8221; background_repeat=&#8221;repeat&#8221; global_colors_info=&#8221;{}&#8221;]<\/p>\n<h1><img loading=\"lazy\" decoding=\"async\" class=\"alignleft wp-image-25445 size-full\" src=\"https:\/\/szrnk.ch\/wp-content\/uploads\/2016\/11\/SZRNK-Logo-ProjectIcons_Bildung.png\" alt=\"Kursanmeldung SZRNK \u2013 SCRED\" width=\"80\" height=\"92\" \/>Kursanmeldung<\/h1>\n<p><iframe loading=\"lazy\" src=\"https:\/\/pm-rp.primeteach.ch\/ui\/tools\/course-registration\" name=\"kurse\" width=\"100%\" height=\"600\" frameborder=\"1\" data-mce-fragment=\"1\"> &amp;amp;amp;amp;amp;amp;amp;amp;lt;p&amp;amp;amp;amp;amp;amp;amp;amp;gt;Ihr Browser kann leider keine eingebetteten Frames anzeigen: Sie k\u00f6nnen die eingebettete Seite \u00fcber den folgenden Verweis aufrufen: https:\/\/www.primeteach.ch\/RegistrationWizardSZRNK\/ListClasses.php &amp;amp;amp;amp;amp;amp;amp;amp;lt;\/p&amp;amp;amp;amp;amp;amp;amp;amp;gt; <\/iframe><\/p>\n<p>[\/et_pb_text][\/et_pb_column][\/et_pb_row][\/et_pb_section][et_pb_section fb_built=&#8221;1&#8243; module_id=&#8221;footer-section&#8221; _builder_version=&#8221;4.16&#8243; global_colors_info=&#8221;{}&#8221; da_is_popup=&#8221;off&#8221; da_exit_intent=&#8221;off&#8221; da_has_close=&#8221;on&#8221; da_alt_close=&#8221;off&#8221; da_dark_close=&#8221;off&#8221; da_not_modal=&#8221;on&#8221; da_is_singular=&#8221;off&#8221; da_with_loader=&#8221;off&#8221; da_has_shadow=&#8221;on&#8221; da_disable_devices=&#8221;off|off|off&#8221;][et_pb_row _builder_version=&#8221;4.16&#8243; background_size=&#8221;initial&#8221; background_position=&#8221;top_left&#8221; background_repeat=&#8221;repeat&#8221; global_colors_info=&#8221;{}&#8221; column_structure=&#8221;3_4,1_4&#8243;][et_pb_column type=&#8221;3_4&#8243; _builder_version=&#8221;4.16&#8243; custom_padding=&#8221;|||&#8221; global_colors_info=&#8221;{}&#8221; custom_padding__hover=&#8221;|||&#8221;][et_pb_text admin_label=&#8221;Footer-section EN&#8221; _builder_version=&#8221;4.24.0&#8243; custom_margin=&#8221;2em|||&#8221; hover_enabled=&#8221;0&#8243; global_colors_info=&#8221;{}&#8221; sticky_enabled=&#8221;0&#8243;]<\/p>\n<p>Swiss Center for Rescue, Emergency and Disaster Medicine (SCRED) | T +41 (0)61 265 89 11<\/p>\n<p>&nbsp;<\/p>\n<p>[\/et_pb_text][et_pb_text _builder_version=&#8221;4.24.0&#8243; _module_preset=&#8221;default&#8221; _dynamic_attributes=&#8221;content&#8221; hover_enabled=&#8221;0&#8243; sticky_enabled=&#8221;0&#8243;]@ET-DC@eyJkeW5hbWljIjp0cnVlLCJjb250ZW50IjoiY3VycmVudF9kYXRlIiwic2V0dGluZ3MiOnsiYmVmb3JlIjoiPGEgaHJlZj1cImh0dHBzOi8vc3pybmsuY2gva29udGFrdC9cIj5Db250YWN0PC9hPiB8IDxhIGhyZWY9XCJodHRwczovL3N6cm5rLmNoL2ltcHJlc3N1bS9cIj5JbXByZXNzdW08L2E+IHwgwqkgMjAxNi0iLCJhZnRlciI6IiBTQ1JFRCIsImRhdGVfZm9ybWF0IjoiY3VzdG9tIiwiY3VzdG9tX2RhdGVfZm9ybWF0IjoieSJ9fQ==@[\/et_pb_text][\/et_pb_column][et_pb_column type=&#8221;1_4&#8243; _builder_version=&#8221;4.16&#8243; custom_padding=&#8221;|||&#8221; global_colors_info=&#8221;{}&#8221; custom_padding__hover=&#8221;|||&#8221;][et_pb_text admin_label=&#8221;Text association UNIBAS&#8221; _builder_version=&#8221;4.16&#8243; global_colors_info=&#8221;{}&#8221;]<\/p>\n<p><a href=\"https:\/\/www.unibas.ch\/en\/University\/Networks-Partnerships\/Associated-Institutes.html\" target=\"_blank\" rel=\"noopener\"><img loading=\"lazy\" decoding=\"async\" class=\"size-medium wp-image-25406 alignnone\" src=\"https:\/\/szrnk.ch\/wp-content\/uploads\/2016\/10\/UniBas_Logo_DE_Weiss_RGB_65-300x96.gif\" alt=\"University of Basel association\" width=\"300\" height=\"96\" \/><\/a><\/p>\n<p>SCRED is associated at the University of Basel<\/p>\n<p>[\/et_pb_text][\/et_pb_column][\/et_pb_row][\/et_pb_section]<\/p>\n","protected":false},"excerpt":{"rendered":"<p>Weiter- und Fortbildung SFG Das Weiterbildungs\u00adprogramm SFG (Sanit\u00e4ts\u00addienstliche F\u00fchrung Gross\u00adereignis) hat sich zum Ziel gesetzt, die Kompe\u00adtenzen und Fertigkeiten von Kader der Rettungs- und Notfall\u00admedizin f\u00fcr die optimale Bew\u00e4ltigung eines Gross\u00adereig\u00adnisses zu vermitteln. Dabei steht das Verst\u00e4ndnis und das Training von F\u00fchrungs\u00adkompe\u00adtenzen, die bei komplexen Ereignissen ganz wesentlich zum Erfolg beitragen, im Fokus. Das Programm [&hellip;]<\/p>\n","protected":false},"author":1,"featured_media":0,"parent":0,"menu_order":0,"comment_status":"closed","ping_status":"closed","template":"","meta":{"_et_pb_use_builder":"on","_et_pb_old_content":"","_et_gb_content_width":"","footnotes":""},"class_list":["post-26644","page","type-page","status-publish","hentry"],"_links":{"self":[{"href":"https:\/\/szrnk.ch\/en\/wp-json\/wp\/v2\/pages\/26644","targetHints":{"allow":["GET"]}}],"collection":[{"href":"https:\/\/szrnk.ch\/en\/wp-json\/wp\/v2\/pages"}],"about":[{"href":"https:\/\/szrnk.ch\/en\/wp-json\/wp\/v2\/types\/page"}],"author":[{"embeddable":true,"href":"https:\/\/szrnk.ch\/en\/wp-json\/wp\/v2\/users\/1"}],"replies":[{"embeddable":true,"href":"https:\/\/szrnk.ch\/en\/wp-json\/wp\/v2\/comments?post=26644"}],"version-history":[{"count":6,"href":"https:\/\/szrnk.ch\/en\/wp-json\/wp\/v2\/pages\/26644\/revisions"}],"predecessor-version":[{"id":33594,"href":"https:\/\/szrnk.ch\/en\/wp-json\/wp\/v2\/pages\/26644\/revisions\/33594"}],"wp:attachment":[{"href":"https:\/\/szrnk.ch\/en\/wp-json\/wp\/v2\/media?parent=26644"}],"curies":[{"name":"wp","href":"https:\/\/api.w.org\/{rel}","templated":true}]}}